{"id":68,"date":"2022-04-29T12:19:20","date_gmt":"2022-04-29T10:19:20","guid":{"rendered":"https:\/\/www.europedelasante.eu\/?page_id=68"},"modified":"2022-05-05T15:57:20","modified_gmt":"2022-05-05T13:57:20","slug":"qui-sommes-nous","status":"publish","type":"page","link":"https:\/\/www.europedelasante.eu\/index.php\/qui-sommes-nous\/","title":{"rendered":"Qui sommes-nous ?"},"content":{"rendered":"\n<p><strong>\u00ab L\u2019Europe de la Sant\u00e9 \u00bb <\/strong>se veut la plateforme et le laboratoire d\u2019id\u00e9es des jeunes professionnels du monde de la sant\u00e9 ayant la volont\u00e9 de r\u00e9fl\u00e9chir \u00e0 la construction d\u2019un projet de sant\u00e9 solidaire et protecteur \u00e0 l\u2019\u00e9chelle Europ\u00e9enne.<\/p>\n\n\n\n<p><br>Cette initiative cr\u00e9\u00e9e par nile en 2018 a fait na\u00eetre le d\u00e9sir chez un certain nombre d\u2019experts d\u2019appuyer et de propulser dans le d\u00e9bat public la question de la sant\u00e9 au niveau europ\u00e9en, au-del\u00e0 des seuls produits de sant\u00e9 et des organisations politiques. Profond\u00e9ment europ\u00e9en, l\u2019initiative <strong>\u00ab Europe de la sant\u00e9 \u00bb <\/strong>souhaite apporter un regard neuf et diff\u00e9rent, \u00e0 hauteur des enjeux actuels et \u00e0 venir en mati\u00e8re de sant\u00e9 comme vecteur de la vision d\u2019une Europe protectrice, innovante et comp\u00e9titive.<\/p>\n\n\n\n<p><br>Le Think Tank porte sa r\u00e9flexion autour de 3 axes : s\u2019appuyer sur une structuration pour porter la voix des patients au travers des meilleures initiatives europ\u00e9ennes et des acteurs du monde de la sant\u00e9 d\u00e9velopper la recherche et l\u2019approche clinique port\u00e9e par les outils digitaux et les donn\u00e9es de sant\u00e9 par les professionnels de sant\u00e9 pour r\u00e9pondre au mieux aux demandes des patients d\u00e9velopper une dynamique de recherche et d\u2019approche utile pour les besoins des patients et des professionnels de sant\u00e9 (qualit\u00e9 et \u00e9thique de la recherche, qualit\u00e9 de vie au travail notamment)<\/p>\n\n\n\n<p><br><strong>\u00ab L\u2019Europe de la Sant\u00e9 \u00bb<\/strong> se donne les missions suivantes : produire une r\u00e9flexion transversale sur la sant\u00e9 et son syst\u00e8me dans l\u2019Union Europ\u00e9enne recueillir l\u2019expertise sur des sujets attenants \u00e0 la sant\u00e9 dans l\u2019Union Europ\u00e9enne proposer des contributions visant \u00e0 nourrir les r\u00e9flexions des Etats membres de l\u2019Union Europ\u00e9enne animer le d\u00e9bat public sur la sant\u00e9 dans toutes ses dimensions au sein de l\u2019Union Europ\u00e9enne, notamment au travers de colloques vulgariser les d\u00e9cisions prises par le Parlement europ\u00e9en afin que chaque citoyen puisse se saisir du d\u00e9bat.<\/p>\n\n\n\n<p><br>Le Think Tank vise \u00e0 am\u00e9liorer le bien-\u00eatre de tous les acteurs du syst\u00e8me de sant\u00e9. Il est ind\u00e9pendant et s\u2019assurera \u00e0 tout moment que l\u2019information d\u00e9livr\u00e9e se base sur des faits scientifiques v\u00e9rifi\u00e9s en se dotant d\u2019un comit\u00e9 scientifique de validation.<\/p>\n","protected":false},"excerpt":{"rendered":"<p>\u00ab L\u2019Europe de la Sant\u00e9 \u00bb se veut la plateforme et le laboratoire d\u2019id\u00e9es des jeunes professionnels du monde de la sant\u00e9 ayant la&#8230;<\/p>\n","protected":false},"author":2,"featured_media":0,"parent":0,"menu_order":0,"comment_status":"closed","ping_status":"closed","template":"","meta":{"footnotes":""},"class_list":["post-68","page","type-page","status-publish","hentry"],"_links":{"self":[{"href":"https:\/\/www.europedelasante.eu\/index.php\/wp-json\/wp\/v2\/pages\/68","targetHints":{"allow":["GET"]}}],"collection":[{"href":"https:\/\/www.europedelasante.eu\/index.php\/wp-json\/wp\/v2\/pages"}],"about":[{"href":"https:\/\/www.europedelasante.eu\/index.php\/wp-json\/wp\/v2\/types\/page"}],"author":[{"embeddable":true,"href":"https:\/\/www.europedelasante.eu\/index.php\/wp-json\/wp\/v2\/users\/2"}],"replies":[{"embeddable":true,"href":"https:\/\/www.europedelasante.eu\/index.php\/wp-json\/wp\/v2\/comments?post=68"}],"version-history":[{"count":2,"href":"https:\/\/www.europedelasante.eu\/index.php\/wp-json\/wp\/v2\/pages\/68\/revisions"}],"predecessor-version":[{"id":153,"href":"https:\/\/www.europedelasante.eu\/index.php\/wp-json\/wp\/v2\/pages\/68\/revisions\/153"}],"wp:attachment":[{"href":"https:\/\/www.europedelasante.eu\/index.php\/wp-json\/wp\/v2\/media?parent=68"}],"curies":[{"name":"wp","href":"https:\/\/api.w.org\/{rel}","templated":true}]}}